{"id":4769,"date":"2023-11-01T09:07:19","date_gmt":"2023-11-01T08:07:19","guid":{"rendered":"https:\/\/www.camping-argeles-vacances.com\/tourismus-argeles-sur-mer\/"},"modified":"2023-11-14T16:26:30","modified_gmt":"2023-11-14T15:26:30","slug":"tourismus-argeles-sur-mer","status":"publish","type":"page","link":"https:\/\/www.camping-argeles-vacances.com\/de\/tourismus-pyrenees-orientales\/tourismus-argeles-sur-mer\/","title":{"rendered":"Argel\u00e8s-sur-Mer"},"content":{"rendered":"<section id=\"ls-section-block_8233e80f154b80a9e08b6272de03427f\" class=\"ls-section \" >\r\n        <div class=\"container container--wide\">\r\n        \n\n<h1 class=\"ls__heading wp-block-heading has-text-align-center\">Tourismus Argel\u00e8s sur Mer<\/h1>\n\n\n\n<p class=\"ls-paragraph has-text-align-center\">Willkommen in Argel\u00e8s, einem der sch\u00f6nsten Reiseziele an der Mittelmeerk\u00fcste! Unser <a href=\"https:\/\/www.camping-argeles-vacances.com\/de\/\">Campingplatz in Argel\u00e8s-sur-Mer<\/a> befindet sich in dieser charmanten Badestadt und wir freuen uns, Ihnen hier einen unvergesslichen Aufenthalt bieten zu k\u00f6nnen. Um Ihnen zu helfen, alles zu entdecken, was diese Region zu bieten hat, sind hier einige Aktivit\u00e4ten, die Sie w\u00e4hrend Ihres Aufenthalts unternehmen k\u00f6nnen :<\/p>\n\n\n\n<ol class=\"ls-list wp-block-list\">\n<li><strong>Sandstr\u00e4nde<\/strong> &#8211; Argel\u00e8s ist ber\u00fchmt f\u00fcr seine wundersch\u00f6nen Sandstr\u00e4nde. Genie\u00dfen Sie die Sonne und das Meer, indem Sie sich an einem der Str\u00e4nde der Stadt entspannen, z. B. an der Plage Nord, der Plage Sud oder der Plage du Racou.<\/li>\n\n\n\n<li><strong>Wanderungen<\/strong> &#8211; Die Berge und H\u00fcgel rund um Argel\u00e8s bieten einen atemberaubenden Blick auf das Mittelmeer. Machen Sie eine Wanderung und entdecken Sie die Natursch\u00f6nheiten der Region, wie den K\u00fcstenpfad von Collioure nach Banyuls oder das Naturschutzgebiet Mas Larrieu.<\/li>\n\n\n\n<li><strong>Wassersport <\/strong>&#8211; Mit ruhigem Wasser und idealen Bedingungen ist Argel\u00e8s der perfekte Ort, um Wassersport zu betreiben. Versuchen Sie es mit Jetski fahren, Kajak fahren, Tauchen oder Windsurfen.<\/li>\n\n\n\n<li><strong>Lokale<\/strong> <strong>Kultur<\/strong> &#8211; Entdecken Sie den kulturellen Reichtum der Region, indem Sie symboltr\u00e4chtige Orte wie das k\u00f6nigliche Schloss von Collioure, das mittelalterliche Dorf Castelnou oder das Museum f\u00fcr moderne Kunst in C\u00e9ret besichtigen.<\/li>\n\n\n\n<li><strong>Lokale<\/strong> <strong>M\u00e4rkte<\/strong> &#8211; Saugen Sie die lokale Atmosph\u00e4re auf, indem Sie die M\u00e4rkte der Stadt besuchen. Hier finden Sie frische, lokale Produkte und einzigartige handgefertigte Souvenirs, die Sie in Ihrem <a href=\"https:\/\/www.camping-argeles-vacances.com\/de\/vermietung-mobil-home-argeles-sur-mer\/\">Mobilheim in Argel\u00e8s<\/a> mit nach Hause nehmen k\u00f6nnen.<\/li>\n<\/ol>\n\n\n\n<p class=\"ls-paragraph has-text-align-center\">Wir hoffen, dass diese Vorschl\u00e4ge Ihnen Ideen geben, wie Sie Ihren Aufenthalt in Argel\u00e8s genie\u00dfen k\u00f6nnen. Z\u00f6gern Sie nicht, sich von unserem Empfangsteam beraten zu lassen, wenn Sie weitere Informationen zu Aktivit\u00e4ten in der Region ben\u00f6tigen. Wir freuen uns darauf, Sie bald auf unserem <a href=\"https:\/\/www.camping-argeles-vacances.com\/de\/camping-wasserpark-argeles-sur-mer\/\">Campingplatz mit Wasserpark in Argel\u00e8s sur Mer<\/a> begr\u00fc\u00dfen zu d\u00fcrfen!<\/p>\n\n\r\n    <\/div>\r\n<\/section>","protected":false},"excerpt":{"rendered":"","protected":false},"author":1,"featured_media":1268,"parent":4879,"menu_order":0,"comment_status":"closed","ping_status":"closed","template":"","meta":{"_acf_changed":false,"inline_featured_image":false,"footnotes":""},"sujet":[],"class_list":["post-4769","page","type-page","status-publish","has-post-thumbnail","hentry"],"acf":[],"yoast_head":"<!-- This site is optimized with the Yoast SEO plugin v22.5 - https:\/\/yoast.com\/wordpress\/plugins\/seo\/ -->\n<title>Tourismus Argeles Vacances: Entdecken Sie die Region Argel\u00e8s und ihre Umgebung<\/title>\n<meta name=\"robots\" content=\"index, follow, max-snippet:-1, max-image-preview:large, max-video-preview:-1\" \/>\n<link rel=\"canonical\" href=\"https:\/\/www.camping-argeles-vacances.com\/de\/tourismus-pyrenees-orientales\/tourismus-argeles-sur-mer\/\" \/>\n<meta property=\"og:locale\" content=\"de_DE\" \/>\n<meta property=\"og:type\" content=\"article\" \/>\n<meta property=\"og:title\" content=\"Tourismus Argeles Vacances: Entdecken Sie die Region Argel\u00e8s und ihre Umgebung\" \/>\n<meta property=\"og:url\" content=\"https:\/\/www.camping-argeles-vacances.com\/de\/tourismus-pyrenees-orientales\/tourismus-argeles-sur-mer\/\" \/>\n<meta property=\"og:site_name\" content=\"Argel\u00e8s Vacances\" \/>\n<meta property=\"article:modified_time\" content=\"2023-11-14T15:26:30+00:00\" \/>\n<meta property=\"og:image\" content=\"https:\/\/www.camping-argeles-vacances.com\/wp-content\/uploads\/2023\/11\/Argeles-plage.webp\" \/>\n\t<meta property=\"og:image:width\" content=\"2000\" \/>\n\t<meta property=\"og:image:height\" content=\"1333\" \/>\n\t<meta property=\"og:image:type\" content=\"image\/webp\" \/>\n<meta name=\"twitter:card\" content=\"summary_large_image\" \/>\n<meta name=\"twitter:label1\" content=\"Gesch\u00e4tzte Lesezeit\" \/>\n\t<meta name=\"twitter:data1\" content=\"2\u00a0Minuten\" \/>\n<script type=\"application\/ld+json\" class=\"yoast-schema-graph\">{\"@context\":\"https:\/\/schema.org\",\"@graph\":[{\"@type\":\"WebPage\",\"@id\":\"https:\/\/www.camping-argeles-vacances.com\/de\/tourismus-pyrenees-orientales\/tourismus-argeles-sur-mer\/\",\"url\":\"https:\/\/www.camping-argeles-vacances.com\/de\/tourismus-pyrenees-orientales\/tourismus-argeles-sur-mer\/\",\"name\":\"Tourismus Argeles Vacances: Entdecken Sie die Region Argel\u00e8s und ihre Umgebung\",\"isPartOf\":{\"@id\":\"https:\/\/www.camping-argeles-vacances.com\/de\/#website\"},\"primaryImageOfPage\":{\"@id\":\"https:\/\/www.camping-argeles-vacances.com\/de\/tourismus-pyrenees-orientales\/tourismus-argeles-sur-mer\/#primaryimage\"},\"image\":{\"@id\":\"https:\/\/www.camping-argeles-vacances.com\/de\/tourismus-pyrenees-orientales\/tourismus-argeles-sur-mer\/#primaryimage\"},\"thumbnailUrl\":\"https:\/\/www.camping-argeles-vacances.com\/wp-content\/uploads\/2023\/11\/Argeles-plage.webp\",\"datePublished\":\"2023-11-01T08:07:19+00:00\",\"dateModified\":\"2023-11-14T15:26:30+00:00\",\"breadcrumb\":{\"@id\":\"https:\/\/www.camping-argeles-vacances.com\/de\/tourismus-pyrenees-orientales\/tourismus-argeles-sur-mer\/#breadcrumb\"},\"inLanguage\":\"de\",\"potentialAction\":[{\"@type\":\"ReadAction\",\"target\":[\"https:\/\/www.camping-argeles-vacances.com\/de\/tourismus-pyrenees-orientales\/tourismus-argeles-sur-mer\/\"]}]},{\"@type\":\"ImageObject\",\"inLanguage\":\"de\",\"@id\":\"https:\/\/www.camping-argeles-vacances.com\/de\/tourismus-pyrenees-orientales\/tourismus-argeles-sur-mer\/#primaryimage\",\"url\":\"https:\/\/www.camping-argeles-vacances.com\/wp-content\/uploads\/2023\/11\/Argeles-plage.webp\",\"contentUrl\":\"https:\/\/www.camping-argeles-vacances.com\/wp-content\/uploads\/2023\/11\/Argeles-plage.webp\",\"width\":2000,\"height\":1333,\"caption\":\"Argeles plage\"},{\"@type\":\"BreadcrumbList\",\"@id\":\"https:\/\/www.camping-argeles-vacances.com\/de\/tourismus-pyrenees-orientales\/tourismus-argeles-sur-mer\/#breadcrumb\",\"itemListElement\":[{\"@type\":\"ListItem\",\"position\":1,\"name\":\"Camping Argel\u00e8s-sur-Mer\",\"item\":\"https:\/\/www.camping-argeles-vacances.com\/de\/\"},{\"@type\":\"ListItem\",\"position\":2,\"name\":\"Tourismus Pyr\u00e9n\u00e9es Orientales\",\"item\":\"https:\/\/www.camping-argeles-vacances.com\/de\/tourismus-pyrenees-orientales\/\"},{\"@type\":\"ListItem\",\"position\":3,\"name\":\"Argel\u00e8s-sur-Mer entdecken\"}]},{\"@type\":\"WebSite\",\"@id\":\"https:\/\/www.camping-argeles-vacances.com\/de\/#website\",\"url\":\"https:\/\/www.camping-argeles-vacances.com\/de\/\",\"name\":\"Argel\u00e8s Vacances\",\"description\":\"Un camping 4 \u00e9toiles au coeur d\u2019Argeles-sur-Mer\",\"publisher\":{\"@id\":\"https:\/\/www.camping-argeles-vacances.com\/de\/#organization\"},\"potentialAction\":[{\"@type\":\"SearchAction\",\"target\":{\"@type\":\"EntryPoint\",\"urlTemplate\":\"https:\/\/www.camping-argeles-vacances.com\/de\/?s={search_term_string}\"},\"query-input\":\"required name=search_term_string\"}],\"inLanguage\":\"de\"},{\"@type\":\"Organization\",\"@id\":\"https:\/\/www.camping-argeles-vacances.com\/de\/#organization\",\"name\":\"Argel\u00e8s Vacances\",\"url\":\"https:\/\/www.camping-argeles-vacances.com\/de\/\",\"logo\":{\"@type\":\"ImageObject\",\"inLanguage\":\"de\",\"@id\":\"https:\/\/www.camping-argeles-vacances.com\/de\/#\/schema\/logo\/image\/\",\"url\":\"https:\/\/www.camping-argeles-vacances.com\/wp-content\/uploads\/2023\/11\/cropped-cropped-Logo_Argeles-vacances.png\",\"contentUrl\":\"https:\/\/www.camping-argeles-vacances.com\/wp-content\/uploads\/2023\/11\/cropped-cropped-Logo_Argeles-vacances.png\",\"width\":552,\"height\":130,\"caption\":\"Argel\u00e8s Vacances\"},\"image\":{\"@id\":\"https:\/\/www.camping-argeles-vacances.com\/de\/#\/schema\/logo\/image\/\"}}]}<\/script>\n<!-- \/ Yoast SEO plugin. -->","yoast_head_json":{"title":"Tourismus Argeles Vacances: Entdecken Sie die Region Argel\u00e8s und ihre Umgebung","robots":{"index":"index","follow":"follow","max-snippet":"max-snippet:-1","max-image-preview":"max-image-preview:large","max-video-preview":"max-video-preview:-1"},"canonical":"https:\/\/www.camping-argeles-vacances.com\/de\/tourismus-pyrenees-orientales\/tourismus-argeles-sur-mer\/","og_locale":"de_DE","og_type":"article","og_title":"Tourismus Argeles Vacances: Entdecken Sie die Region Argel\u00e8s und ihre Umgebung","og_url":"https:\/\/www.camping-argeles-vacances.com\/de\/tourismus-pyrenees-orientales\/tourismus-argeles-sur-mer\/","og_site_name":"Argel\u00e8s Vacances","article_modified_time":"2023-11-14T15:26:30+00:00","og_image":[{"width":2000,"height":1333,"url":"https:\/\/www.camping-argeles-vacances.com\/wp-content\/uploads\/2023\/11\/Argeles-plage.webp","type":"image\/webp"}],"twitter_card":"summary_large_image","twitter_misc":{"Gesch\u00e4tzte Lesezeit":"2\u00a0Minuten"},"schema":{"@context":"https:\/\/schema.org","@graph":[{"@type":"WebPage","@id":"https:\/\/www.camping-argeles-vacances.com\/de\/tourismus-pyrenees-orientales\/tourismus-argeles-sur-mer\/","url":"https:\/\/www.camping-argeles-vacances.com\/de\/tourismus-pyrenees-orientales\/tourismus-argeles-sur-mer\/","name":"Tourismus Argeles Vacances: Entdecken Sie die Region Argel\u00e8s und ihre Umgebung","isPartOf":{"@id":"https:\/\/www.camping-argeles-vacances.com\/de\/#website"},"primaryImageOfPage":{"@id":"https:\/\/www.camping-argeles-vacances.com\/de\/tourismus-pyrenees-orientales\/tourismus-argeles-sur-mer\/#primaryimage"},"image":{"@id":"https:\/\/www.camping-argeles-vacances.com\/de\/tourismus-pyrenees-orientales\/tourismus-argeles-sur-mer\/#primaryimage"},"thumbnailUrl":"https:\/\/www.camping-argeles-vacances.com\/wp-content\/uploads\/2023\/11\/Argeles-plage.webp","datePublished":"2023-11-01T08:07:19+00:00","dateModified":"2023-11-14T15:26:30+00:00","breadcrumb":{"@id":"https:\/\/www.camping-argeles-vacances.com\/de\/tourismus-pyrenees-orientales\/tourismus-argeles-sur-mer\/#breadcrumb"},"inLanguage":"de","potentialAction":[{"@type":"ReadAction","target":["https:\/\/www.camping-argeles-vacances.com\/de\/tourismus-pyrenees-orientales\/tourismus-argeles-sur-mer\/"]}]},{"@type":"ImageObject","inLanguage":"de","@id":"https:\/\/www.camping-argeles-vacances.com\/de\/tourismus-pyrenees-orientales\/tourismus-argeles-sur-mer\/#primaryimage","url":"https:\/\/www.camping-argeles-vacances.com\/wp-content\/uploads\/2023\/11\/Argeles-plage.webp","contentUrl":"https:\/\/www.camping-argeles-vacances.com\/wp-content\/uploads\/2023\/11\/Argeles-plage.webp","width":2000,"height":1333,"caption":"Argeles plage"},{"@type":"BreadcrumbList","@id":"https:\/\/www.camping-argeles-vacances.com\/de\/tourismus-pyrenees-orientales\/tourismus-argeles-sur-mer\/#breadcrumb","itemListElement":[{"@type":"ListItem","position":1,"name":"Camping Argel\u00e8s-sur-Mer","item":"https:\/\/www.camping-argeles-vacances.com\/de\/"},{"@type":"ListItem","position":2,"name":"Tourismus Pyr\u00e9n\u00e9es Orientales","item":"https:\/\/www.camping-argeles-vacances.com\/de\/tourismus-pyrenees-orientales\/"},{"@type":"ListItem","position":3,"name":"Argel\u00e8s-sur-Mer entdecken"}]},{"@type":"WebSite","@id":"https:\/\/www.camping-argeles-vacances.com\/de\/#website","url":"https:\/\/www.camping-argeles-vacances.com\/de\/","name":"Argel\u00e8s Vacances","description":"Un camping 4 \u00e9toiles au coeur d\u2019Argeles-sur-Mer","publisher":{"@id":"https:\/\/www.camping-argeles-vacances.com\/de\/#organization"},"potentialAction":[{"@type":"SearchAction","target":{"@type":"EntryPoint","urlTemplate":"https:\/\/www.camping-argeles-vacances.com\/de\/?s={search_term_string}"},"query-input":"required name=search_term_string"}],"inLanguage":"de"},{"@type":"Organization","@id":"https:\/\/www.camping-argeles-vacances.com\/de\/#organization","name":"Argel\u00e8s Vacances","url":"https:\/\/www.camping-argeles-vacances.com\/de\/","logo":{"@type":"ImageObject","inLanguage":"de","@id":"https:\/\/www.camping-argeles-vacances.com\/de\/#\/schema\/logo\/image\/","url":"https:\/\/www.camping-argeles-vacances.com\/wp-content\/uploads\/2023\/11\/cropped-cropped-Logo_Argeles-vacances.png","contentUrl":"https:\/\/www.camping-argeles-vacances.com\/wp-content\/uploads\/2023\/11\/cropped-cropped-Logo_Argeles-vacances.png","width":552,"height":130,"caption":"Argel\u00e8s Vacances"},"image":{"@id":"https:\/\/www.camping-argeles-vacances.com\/de\/#\/schema\/logo\/image\/"}}]}},"_links":{"self":[{"href":"https:\/\/www.camping-argeles-vacances.com\/de\/wp-json\/wp\/v2\/pages\/4769","targetHints":{"allow":["GET"]}}],"collection":[{"href":"https:\/\/www.camping-argeles-vacances.com\/de\/wp-json\/wp\/v2\/pages"}],"about":[{"href":"https:\/\/www.camping-argeles-vacances.com\/de\/wp-json\/wp\/v2\/types\/page"}],"author":[{"embeddable":true,"href":"https:\/\/www.camping-argeles-vacances.com\/de\/wp-json\/wp\/v2\/users\/1"}],"replies":[{"embeddable":true,"href":"https:\/\/www.camping-argeles-vacances.com\/de\/wp-json\/wp\/v2\/comments?post=4769"}],"version-history":[{"count":9,"href":"https:\/\/www.camping-argeles-vacances.com\/de\/wp-json\/wp\/v2\/pages\/4769\/revisions"}],"predecessor-version":[{"id":5047,"href":"https:\/\/www.camping-argeles-vacances.com\/de\/wp-json\/wp\/v2\/pages\/4769\/revisions\/5047"}],"up":[{"embeddable":true,"href":"https:\/\/www.camping-argeles-vacances.com\/de\/wp-json\/wp\/v2\/pages\/4879"}],"wp:featuredmedia":[{"embeddable":true,"href":"https:\/\/www.camping-argeles-vacances.com\/de\/wp-json\/wp\/v2\/media\/1268"}],"wp:attachment":[{"href":"https:\/\/www.camping-argeles-vacances.com\/de\/wp-json\/wp\/v2\/media?parent=4769"}],"wp:term":[{"taxonomy":"sujet","embeddable":true,"href":"https:\/\/www.camping-argeles-vacances.com\/de\/wp-json\/wp\/v2\/sujet?post=4769"}],"curies":[{"name":"wp","href":"https:\/\/api.w.org\/{rel}","templated":true}]}}