{"id":4658,"date":"2023-11-01T09:08:07","date_gmt":"2023-11-01T08:08:07","guid":{"rendered":"https:\/\/www.camping-argeles-vacances.com\/contacto\/"},"modified":"2023-11-15T11:32:36","modified_gmt":"2023-11-15T10:32:36","slug":"contacto","status":"publish","type":"page","link":"https:\/\/www.camping-argeles-vacances.com\/es\/contacto\/","title":{"rendered":"Contacto e informaci\u00f3n"},"content":{"rendered":"<section id=\"ls-section-block_00c3ebef02e0008b9295602227d7063f\" class=\"ls-section  page-intro\" >\r\n        <div class=\"container \">\r\n        \n\n<h1 class=\"ls__heading wp-block-heading has-text-align-center\">Contacto Argel\u00e8s Vacances<\/h1>\n\n\r\n    <\/div>\r\n<\/section><section id=\"ls-section-block_60b8f8371ebaf7efad4d97e2092375b7\" class=\"ls-section  page-one has-m-t m-t-0 has-p-t p-t-0\" >\r\n        <div class=\"container container--wide\">\r\n        \n\n<div class=\"wp-block-columns page-one is-layout-flex wp-container-core-columns-is-layout-9d6595d7 wp-block-columns-is-layout-flex\">\n<div class=\"wp-block-column is-layout-flow wp-block-column-is-layout-flow\">\n<h2 class=\"ls__heading wp-block-heading deco\">Datos de contacto<\/h2>\n\n\n\n<div id=\"ls-infos-block_1fe16fbba10ced17b59f64dd27689137\" class=\"ls-infos has-m-b m-b-7\">\n    \n    <div class=\"ls-infos__content\">\n\n        <div class=\"ls-infos__phone\">\n                        \n                        <i class=\"oreades-phone-call-02\"><\/i> +33 4 68 95 27 27            \n        <\/div>\n        <div class=\"ls-infos__mail\">\n            <i class=\"fas fa-envelope\"><\/i> contact@camping-argeles-vacances.com        <\/div>\n\n        <div class=\"ls-infos__adresse\">\n            <i class='fas fa-map-marker-alt'><\/i>\n            <div class=\"ls-infos__adresse--content\">\n                Chemin de N\u00e9guebous <br \/>\n                66700                Argel\u00e8s-sur-Mer            <\/div>\n        <\/div>\n    <\/div>\n<\/div><\/div>\n\n\n\n<div class=\"wp-block-column is-layout-flow wp-block-column-is-layout-flow\">\n<div class=\"wp-block-contact-form-7-contact-form-selector\">\n<div class=\"wpcf7 no-js\" id=\"wpcf7-f4667-o1\" lang=\"es-ES\" dir=\"ltr\">\n<div class=\"screen-reader-response\"><p role=\"status\" aria-live=\"polite\" aria-atomic=\"true\"><\/p> <ul><\/ul><\/div>\n<form action=\"\/es\/wp-json\/wp\/v2\/pages\/4658#wpcf7-f4667-o1\" method=\"post\" class=\"wpcf7-form init\" aria-label=\"Formulario de contacto\" novalidate=\"novalidate\" data-status=\"init\">\n<div style=\"display: none;\">\n<input type=\"hidden\" name=\"_wpcf7\" value=\"4667\" \/>\n<input type=\"hidden\" name=\"_wpcf7_version\" value=\"5.9.3\" \/>\n<input type=\"hidden\" name=\"_wpcf7_locale\" value=\"es_ES\" \/>\n<input type=\"hidden\" name=\"_wpcf7_unit_tag\" value=\"wpcf7-f4667-o1\" \/>\n<input type=\"hidden\" name=\"_wpcf7_container_post\" value=\"0\" \/>\n<input type=\"hidden\" name=\"_wpcf7_posted_data_hash\" value=\"\" \/>\n<input type=\"hidden\" name=\"_wpcf7_recaptcha_response\" value=\"\" \/>\n<\/div>\n<p><label> Su nombre<br \/>\n<span class=\"wpcf7-form-control-wrap\" data-name=\"your-name\"><input size=\"40\" class=\"wpcf7-form-control wpcf7-text wpcf7-validates-as-required\" autocomplete=\"name\" aria-required=\"true\" aria-invalid=\"false\" value=\"\" type=\"text\" name=\"your-name\" \/><\/span> <\/label>\n<\/p>\n<p><label> Tu e-mail<br \/>\n<span class=\"wpcf7-form-control-wrap\" data-name=\"your-email\"><input size=\"40\" class=\"wpcf7-form-control wpcf7-email wpcf7-validates-as-required wpcf7-text wpcf7-validates-as-email\" autocomplete=\"email\" aria-required=\"true\" aria-invalid=\"false\" value=\"\" type=\"email\" name=\"your-email\" \/><\/span> <\/label>\n<\/p>\n<p><label> Objeto<br \/>\n<span class=\"wpcf7-form-control-wrap\" data-name=\"your-subject\"><input size=\"40\" class=\"wpcf7-form-control wpcf7-text wpcf7-validates-as-required\" aria-required=\"true\" aria-invalid=\"false\" value=\"\" type=\"text\" name=\"your-subject\" \/><\/span> <\/label>\n<\/p>\n<p><label> Su mensaje<br \/>\n<span class=\"wpcf7-form-control-wrap\" data-name=\"your-message\"><textarea cols=\"40\" rows=\"10\" class=\"wpcf7-form-control wpcf7-textarea\" aria-invalid=\"false\" name=\"your-message\"><\/textarea><\/span> <\/label><br \/>\n<span class=\"wpcf7-form-control-wrap\" data-name=\"acceptance-553\"><span class=\"wpcf7-form-control wpcf7-acceptance\"><span class=\"wpcf7-list-item\"><label><input type=\"checkbox\" name=\"acceptance-553\" value=\"1\" aria-invalid=\"false\" \/><span class=\"wpcf7-list-item-label\">Al marcar esta casilla, acepto la <a href=\"\/es\/politica-de-privacidad\/\" rel=\"nofollow\" target=\"_blank\">Pol\u00edtica de privacidad<\/a> de este sitio.<\/span><\/label><\/span><\/span><\/span><br \/>\n<input class=\"wpcf7-form-control wpcf7-submit has-spinner\" type=\"submit\" value=\"Enviar\" \/>\n<\/p><div class=\"wpcf7-response-output\" aria-hidden=\"true\"><\/div>\n<\/form>\n<\/div>\n<\/div>\n<\/div>\n<\/div>\n\n\r\n    <\/div>\r\n<\/section><section id=\"ls-section-block_92d9e52b2a9bd3ed1db79728127dd500\" class=\"ls-section  page-three has-background has-color-6-background-color has-p-t p-t-14 has-p-b p-b-14\" >\r\n        <div class=\"container container--full\">\r\n        \n\n<div class=\"wp-block-columns page-one is-layout-flex wp-container-core-columns-is-layout-9d6595d7 wp-block-columns-is-layout-flex\">\n<div class=\"wp-block-column is-layout-flow wp-block-column-is-layout-flow\">\n<iframe src=\"https:\/\/www.google.com\/maps\/embed?pb=!1m14!1m8!1m3!1d11755.004067772801!2d3.0189281!3d42.5605795!3m2!1i1024!2i768!4f13.1!3m3!1m2!1s0x12b07f295a2216cf%3A0xc1ea81cee5ab70d!2sCamping%20Argeles%20Vacances%20Chemin%20De%20Negue%20bous!5e0!3m2!1sfr!2sfr!4v1698936257506!5m2!1sfr!2sfr\" width=\"100%\" height=\"650\" style=\"border:0;\" allowfullscreen=\"\" loading=\"lazy\" referrerpolicy=\"no-referrer-when-downgrade\"><\/iframe>\n<\/div>\n\n\n\n<div class=\"wp-block-column is-vertically-aligned-center m-r-6 is-layout-flow wp-block-column-is-layout-flow\">\n<h2 class=\"ls__heading wp-block-heading deco\">Acceda a<\/h2>\n\n\n\n<ul class=\"ls-list wp-block-list\">\n<li>En coche: Desde el norte: autopista A 9 &#8211; salida Perpignan Sud y luego autov\u00eda hasta Argel\u00e8s-sur-Mer (20 km) Desde el sur: autopista A 9 &#8211; salida Le Boulou. Argel\u00e8s est\u00e1 a 18 km por autopista.<\/li>\n\n\n\n<li>En tren: estaci\u00f3n SNCF del pueblo de Argel\u00e8s (a 2 km de la playa). Desde la estaci\u00f3n de Argel\u00e8s, hay un servicio de autocares y taxis hasta Argel\u00e8s Plage.<\/li>\n\n\n\n<li>En avi\u00f3n: aeropuerto internacional de Perpi\u00f1\u00e1n-Rivesaltes, a 25 km de Argel\u00e8s-sur-Mer.  \n<ul class=\"ls-list wp-block-list\">\n<li>Aeropuerto de Girona a 90 km de Argel\u00e8s-sur-Mer  <\/li>\n\n\n\n<li>Aeropuerto de Carcasona a 120 km<\/li>\n<\/ul>\n<\/li>\n<\/ul>\n<\/div>\n<\/div>\n\n\r\n    <\/div>\r\n<\/section>","protected":false},"excerpt":{"rendered":"","protected":false},"author":1,"featured_media":0,"parent":0,"menu_order":0,"comment_status":"closed","ping_status":"closed","template":"","meta":{"_acf_changed":false,"inline_featured_image":false,"footnotes":""},"sujet":[],"class_list":["post-4658","page","type-page","status-publish","hentry"],"acf":[],"yoast_head":"<!-- This site is optimized with the Yoast SEO plugin v22.5 - https:\/\/yoast.com\/wordpress\/plugins\/seo\/ -->\n<title>Contacto e informaci\u00f3n sobre el camping Argeles Vacances en 66<\/title>\n<meta name=\"robots\" content=\"index, follow, max-snippet:-1, max-image-preview:large, max-video-preview:-1\" \/>\n<link rel=\"canonical\" href=\"https:\/\/www.camping-argeles-vacances.com\/es\/contacto\/\" \/>\n<meta property=\"og:locale\" content=\"es_ES\" \/>\n<meta property=\"og:type\" content=\"article\" \/>\n<meta property=\"og:title\" content=\"Contacto e informaci\u00f3n sobre el camping Argeles Vacances en 66\" \/>\n<meta property=\"og:url\" content=\"https:\/\/www.camping-argeles-vacances.com\/es\/contacto\/\" \/>\n<meta property=\"og:site_name\" content=\"Argel\u00e8s Vacances\" \/>\n<meta property=\"article:modified_time\" content=\"2023-11-15T10:32:36+00:00\" \/>\n<meta name=\"twitter:card\" content=\"summary_large_image\" \/>\n<meta name=\"twitter:label1\" content=\"Tiempo de lectura\" \/>\n\t<meta name=\"twitter:data1\" content=\"1 minuto\" \/>\n<script type=\"application\/ld+json\" class=\"yoast-schema-graph\">{\"@context\":\"https:\/\/schema.org\",\"@graph\":[{\"@type\":\"WebPage\",\"@id\":\"https:\/\/www.camping-argeles-vacances.com\/es\/contacto\/\",\"url\":\"https:\/\/www.camping-argeles-vacances.com\/es\/contacto\/\",\"name\":\"Contacto e informaci\u00f3n sobre el camping Argeles Vacances en 66\",\"isPartOf\":{\"@id\":\"https:\/\/www.camping-argeles-vacances.com\/es\/#website\"},\"datePublished\":\"2023-11-01T08:08:07+00:00\",\"dateModified\":\"2023-11-15T10:32:36+00:00\",\"breadcrumb\":{\"@id\":\"https:\/\/www.camping-argeles-vacances.com\/es\/contacto\/#breadcrumb\"},\"inLanguage\":\"es\",\"potentialAction\":[{\"@type\":\"ReadAction\",\"target\":[\"https:\/\/www.camping-argeles-vacances.com\/es\/contacto\/\"]}]},{\"@type\":\"BreadcrumbList\",\"@id\":\"https:\/\/www.camping-argeles-vacances.com\/es\/contacto\/#breadcrumb\",\"itemListElement\":[{\"@type\":\"ListItem\",\"position\":1,\"name\":\"Camping Argel\u00e8s-sur-Mer\",\"item\":\"https:\/\/www.camping-argeles-vacances.com\/es\/\"},{\"@type\":\"ListItem\",\"position\":2,\"name\":\"Contacto e informaci\u00f3n\"}]},{\"@type\":\"WebSite\",\"@id\":\"https:\/\/www.camping-argeles-vacances.com\/es\/#website\",\"url\":\"https:\/\/www.camping-argeles-vacances.com\/es\/\",\"name\":\"Argel\u00e8s Vacances\",\"description\":\"Un camping 4 \u00e9toiles au coeur d\u2019Argeles-sur-Mer\",\"publisher\":{\"@id\":\"https:\/\/www.camping-argeles-vacances.com\/es\/#organization\"},\"potentialAction\":[{\"@type\":\"SearchAction\",\"target\":{\"@type\":\"EntryPoint\",\"urlTemplate\":\"https:\/\/www.camping-argeles-vacances.com\/es\/?s={search_term_string}\"},\"query-input\":\"required name=search_term_string\"}],\"inLanguage\":\"es\"},{\"@type\":\"Organization\",\"@id\":\"https:\/\/www.camping-argeles-vacances.com\/es\/#organization\",\"name\":\"Argel\u00e8s Vacances\",\"url\":\"https:\/\/www.camping-argeles-vacances.com\/es\/\",\"logo\":{\"@type\":\"ImageObject\",\"inLanguage\":\"es\",\"@id\":\"https:\/\/www.camping-argeles-vacances.com\/es\/#\/schema\/logo\/image\/\",\"url\":\"https:\/\/www.camping-argeles-vacances.com\/wp-content\/uploads\/2023\/11\/cropped-cropped-Logo_Argeles-vacances.png\",\"contentUrl\":\"https:\/\/www.camping-argeles-vacances.com\/wp-content\/uploads\/2023\/11\/cropped-cropped-Logo_Argeles-vacances.png\",\"width\":552,\"height\":130,\"caption\":\"Argel\u00e8s Vacances\"},\"image\":{\"@id\":\"https:\/\/www.camping-argeles-vacances.com\/es\/#\/schema\/logo\/image\/\"}}]}<\/script>\n<!-- \/ Yoast SEO plugin. -->","yoast_head_json":{"title":"Contacto e informaci\u00f3n sobre el camping Argeles Vacances en 66","robots":{"index":"index","follow":"follow","max-snippet":"max-snippet:-1","max-image-preview":"max-image-preview:large","max-video-preview":"max-video-preview:-1"},"canonical":"https:\/\/www.camping-argeles-vacances.com\/es\/contacto\/","og_locale":"es_ES","og_type":"article","og_title":"Contacto e informaci\u00f3n sobre el camping Argeles Vacances en 66","og_url":"https:\/\/www.camping-argeles-vacances.com\/es\/contacto\/","og_site_name":"Argel\u00e8s Vacances","article_modified_time":"2023-11-15T10:32:36+00:00","twitter_card":"summary_large_image","twitter_misc":{"Tiempo de lectura":"1 minuto"},"schema":{"@context":"https:\/\/schema.org","@graph":[{"@type":"WebPage","@id":"https:\/\/www.camping-argeles-vacances.com\/es\/contacto\/","url":"https:\/\/www.camping-argeles-vacances.com\/es\/contacto\/","name":"Contacto e informaci\u00f3n sobre el camping Argeles Vacances en 66","isPartOf":{"@id":"https:\/\/www.camping-argeles-vacances.com\/es\/#website"},"datePublished":"2023-11-01T08:08:07+00:00","dateModified":"2023-11-15T10:32:36+00:00","breadcrumb":{"@id":"https:\/\/www.camping-argeles-vacances.com\/es\/contacto\/#breadcrumb"},"inLanguage":"es","potentialAction":[{"@type":"ReadAction","target":["https:\/\/www.camping-argeles-vacances.com\/es\/contacto\/"]}]},{"@type":"BreadcrumbList","@id":"https:\/\/www.camping-argeles-vacances.com\/es\/contacto\/#breadcrumb","itemListElement":[{"@type":"ListItem","position":1,"name":"Camping Argel\u00e8s-sur-Mer","item":"https:\/\/www.camping-argeles-vacances.com\/es\/"},{"@type":"ListItem","position":2,"name":"Contacto e informaci\u00f3n"}]},{"@type":"WebSite","@id":"https:\/\/www.camping-argeles-vacances.com\/es\/#website","url":"https:\/\/www.camping-argeles-vacances.com\/es\/","name":"Argel\u00e8s Vacances","description":"Un camping 4 \u00e9toiles au coeur d\u2019Argeles-sur-Mer","publisher":{"@id":"https:\/\/www.camping-argeles-vacances.com\/es\/#organization"},"potentialAction":[{"@type":"SearchAction","target":{"@type":"EntryPoint","urlTemplate":"https:\/\/www.camping-argeles-vacances.com\/es\/?s={search_term_string}"},"query-input":"required name=search_term_string"}],"inLanguage":"es"},{"@type":"Organization","@id":"https:\/\/www.camping-argeles-vacances.com\/es\/#organization","name":"Argel\u00e8s Vacances","url":"https:\/\/www.camping-argeles-vacances.com\/es\/","logo":{"@type":"ImageObject","inLanguage":"es","@id":"https:\/\/www.camping-argeles-vacances.com\/es\/#\/schema\/logo\/image\/","url":"https:\/\/www.camping-argeles-vacances.com\/wp-content\/uploads\/2023\/11\/cropped-cropped-Logo_Argeles-vacances.png","contentUrl":"https:\/\/www.camping-argeles-vacances.com\/wp-content\/uploads\/2023\/11\/cropped-cropped-Logo_Argeles-vacances.png","width":552,"height":130,"caption":"Argel\u00e8s Vacances"},"image":{"@id":"https:\/\/www.camping-argeles-vacances.com\/es\/#\/schema\/logo\/image\/"}}]}},"_links":{"self":[{"href":"https:\/\/www.camping-argeles-vacances.com\/es\/wp-json\/wp\/v2\/pages\/4658","targetHints":{"allow":["GET"]}}],"collection":[{"href":"https:\/\/www.camping-argeles-vacances.com\/es\/wp-json\/wp\/v2\/pages"}],"about":[{"href":"https:\/\/www.camping-argeles-vacances.com\/es\/wp-json\/wp\/v2\/types\/page"}],"author":[{"embeddable":true,"href":"https:\/\/www.camping-argeles-vacances.com\/es\/wp-json\/wp\/v2\/users\/1"}],"replies":[{"embeddable":true,"href":"https:\/\/www.camping-argeles-vacances.com\/es\/wp-json\/wp\/v2\/comments?post=4658"}],"version-history":[{"count":6,"href":"https:\/\/www.camping-argeles-vacances.com\/es\/wp-json\/wp\/v2\/pages\/4658\/revisions"}],"predecessor-version":[{"id":4679,"href":"https:\/\/www.camping-argeles-vacances.com\/es\/wp-json\/wp\/v2\/pages\/4658\/revisions\/4679"}],"wp:attachment":[{"href":"https:\/\/www.camping-argeles-vacances.com\/es\/wp-json\/wp\/v2\/media?parent=4658"}],"wp:term":[{"taxonomy":"sujet","embeddable":true,"href":"https:\/\/www.camping-argeles-vacances.com\/es\/wp-json\/wp\/v2\/sujet?post=4658"}],"curies":[{"name":"wp","href":"https:\/\/api.w.org\/{rel}","templated":true}]}}