{"id":4757,"date":"2023-10-31T12:16:17","date_gmt":"2023-10-31T11:16:17","guid":{"rendered":"https:\/\/www.camping-argeles-vacances.com\/politica-de-privacidad\/"},"modified":"2023-11-20T10:02:33","modified_gmt":"2023-11-20T09:02:33","slug":"politica-de-privacidad","status":"publish","type":"page","link":"https:\/\/www.camping-argeles-vacances.com\/es\/politica-de-privacidad\/","title":{"rendered":"Pol\u00edtica de privacidad"},"content":{"rendered":"<section id=\"ls-section-block_388d3178217838c9d2d3e8121aa81b90\" class=\"ls-section \" >\r\n        <div class=\"container container--wide\">\r\n        \n\n<h1 class=\"ls__heading wp-block-heading has-text-align-center\">Pol\u00edtica de privacidad<\/h1>\n\n\n\n<p class=\"ls-paragraph\">Esta pol\u00edtica de privacidad describe los datos personales que se recogen o generan (procesan) cuando usted utiliza el sitio web. Esta Pol\u00edtica de privacidad describe los tipos de datos personales que se recogen cuando usted utiliza nuestro sitio y c\u00f3mo se utilizan, comparten y protegen sus datos personales. Tambi\u00e9n explica las opciones que tiene en relaci\u00f3n con sus datos personales y c\u00f3mo ponerse en contacto con nosotros.<\/p>\n\n\n\n<ul class=\"ls-list wp-block-list\">\n<li><a href=\"https:\/\/www.camping-argeles-vacances.com\/es\/politica-de-privacidad\/#gdpr-1\">\u00bfQui\u00e9nes somos?<\/a><\/li>\n\n\n\n<li><a href=\"https:\/\/www.camping-argeles-vacances.com\/es\/politica-de-privacidad\/#gdpr-2\">Uso de los datos personales recogidos<\/a><\/li>\n\n\n\n<li><a href=\"https:\/\/www.camping-argeles-vacances.com\/es\/politica-de-privacidad\/#gdpr-3\">Comentarios<\/a><\/li>\n\n\n\n<li><a href=\"https:\/\/www.camping-argeles-vacances.com\/es\/politica-de-privacidad\/#gdpr-4\">Medios de comunicaci\u00f3n<\/a><\/li>\n\n\n\n<li><a href=\"https:\/\/www.camping-argeles-vacances.com\/es\/politica-de-privacidad\/#gdpr-5\">Formularios de contacto<\/a><\/li>\n\n\n\n<li><a href=\"https:\/\/www.camping-argeles-vacances.com\/es\/politica-de-privacidad\/#gdpr-6\">Uso de cookies<\/a><\/li>\n\n\n\n<li><a href=\"https:\/\/www.camping-argeles-vacances.com\/es\/politica-de-privacidad\/#gdpr-7\">Estad\u00edsticas y medici\u00f3n de audiencias<\/a><\/li>\n\n\n\n<li><a href=\"https:\/\/www.camping-argeles-vacances.com\/es\/politica-de-privacidad\/#gdpr-8\">Periodos de almacenamiento de sus datos<\/a><\/li>\n\n\n\n<li><a href=\"https:\/\/www.camping-argeles-vacances.com\/es\/politica-de-privacidad\/#gdpr-9\">Los derechos que tiene sobre sus datos<\/a><\/li>\n\n\n\n<li><a href=\"https:\/\/www.camping-argeles-vacances.com\/es\/politica-de-privacidad\/#gdpr-10\">Transmisi\u00f3n de sus datos personales<\/a><\/li>\n\n\n\n<li><a href=\"https:\/\/www.camping-argeles-vacances.com\/es\/politica-de-privacidad\/#gdpr-11\">C\u00f3mo protegemos sus datos<\/a><\/li>\n\n\n\n<li><a href=\"https:\/\/www.camping-argeles-vacances.com\/es\/politica-de-privacidad\/#gdpr-12\">Informaci\u00f3n de contacto<\/a><\/li>\n<\/ul>\n\n\n\n<h2 class=\"ls__heading wp-block-heading\" id=\"gdpr-1\">\u00bfQui\u00e9nes somos?<\/h2>\n\n\n\n<p class=\"ls-paragraph\">Descubra todo sobre nosotros en la p\u00e1gina <a href=\"https:\/\/www.camping-argeles-vacances.com\/es\/informacion-juridica\/\">de informaci\u00f3n jur\u00eddica<\/a>.<\/p>\n\n\n\n<h2 class=\"ls__heading wp-block-heading\" id=\"gdpr-2\">Uso de los datos personales recogidos<\/h2>\n\n\n\n<p class=\"ls-paragraph\">No recopilamos autom\u00e1tica y directamente ning\u00fan dato sobre usted.<\/p>\n\n\n\n<p class=\"ls-paragraph\">No obstante, podemos recopilar informaci\u00f3n, incluida informaci\u00f3n personal, de terceros (v\u00e9ase la secci\u00f3n <a href=\"https:\/\/www.camping-argeles-vacances.com\/politique-de-confidentialite\/#gdpr-5\">Cookies<\/a>).<\/p>\n\n\n\n<h2 class=\"ls__heading wp-block-heading\" id=\"gdpr-3\">Comentarios<\/h2>\n\n\n\n<p class=\"ls-paragraph\">Cuando deja un comentario en nuestro sitio web, se recogen los datos introducidos en el formulario de comentarios, su direcci\u00f3n IP y el agente de usuario de su navegador para ayudarnos a detectar comentarios no deseados.<\/p>\n\n\n\n<p class=\"ls-paragraph\">Una cadena an\u00f3nima creada a partir de tu direcci\u00f3n de correo electr\u00f3nico (tambi\u00e9n conocida como hash) puede enviarse al servicio Gravatar para comprobar que la est\u00e1s utilizando. Las cl\u00e1usulas de confidencialidad del servicio Gravatar est\u00e1n disponibles en https:\/\/automattic.com\/privacy\/. Una vez validado tu comentario, tu foto de perfil ser\u00e1 visible p\u00fablicamente junto a tu comentario.<\/p>\n\n\n\n<h2 class=\"ls__heading wp-block-heading\" id=\"gdpr-4\">Medios de comunicaci\u00f3n<\/h2>\n\n\n\n<p class=\"ls-paragraph\">Si es usted un usuario registrado y sube im\u00e1genes al sitio web, le aconsejamos que evite subir im\u00e1genes que contengan datos EXIF de coordenadas GPS. Los visitantes de su sitio web pueden descargar y extraer datos de localizaci\u00f3n de estas im\u00e1genes.<\/p>\n\n\n\n<h2 class=\"ls__heading wp-block-heading\" id=\"gdpr-5\">Formularios de contacto<\/h2>\n\n\n\n<p class=\"ls-paragraph\">Puede optar por facilitarnos informaci\u00f3n al rellenar un formulario. Esta informaci\u00f3n se nos enviar\u00e1 por correo electr\u00f3nico y no se almacenar\u00e1 m\u00e1s que en nuestro servicio de correo electr\u00f3nico; se utilizar\u00e1 con el \u00fanico fin de responder a su solicitud. Si es probable que la informaci\u00f3n se utilice con fines comerciales, se indicar\u00e1 al final del formulario. Siempre le pediremos su consentimiento cuando recojamos informaci\u00f3n a trav\u00e9s de un formulario.<\/p>\n\n\n\n<h2 class=\"ls__heading wp-block-heading\" id=\"gdpr-6\">Uso de cookies<\/h2>\n\n\n\n<p class=\"ls-paragraph\"><strong>\u00bfQu\u00e9 es una galleta?<\/strong><br\/>Una cookie es un peque\u00f1o archivo de datos que se transfiere a su dispositivo y se almacena en \u00e9l. En t\u00e9rminos pr\u00e1cticos, una cookie nos permite, por ejemplo, reconocer su navegador, su idioma o almacenar sus preferencias.<br\/>En nuestro sitio se utilizan dos tipos de cookies: \u00abcookies de sesi\u00f3n\u00bb y \u00abcookies persistentes\u00bb. Las cookies de sesi\u00f3n expiran al cerrar el navegador, mientras que las cookies persistentes permanecen en su dispositivo una vez cerrado el navegador y pueden volver a utilizarse la pr\u00f3xima vez que visite nuestro sitio.<\/p>\n\n\n\n<p class=\"ls-paragraph\">M\u00e1s informaci\u00f3n en <a href=\"https:\/\/allaboutcookies.org\/fr\" target=\"_blank\" rel=\"noreferrer noopener\">allaboutcookies.org<\/a>.<\/p>\n\n\n\n<p class=\"ls-paragraph\"><strong>Nuestras cookies<\/strong><\/p>\n\n\n\n<p class=\"ls-paragraph\">Si deja un comentario en nuestro sitio, se le pedir\u00e1 que guarde su nombre, direcci\u00f3n de correo electr\u00f3nico y sitio web en cookies. Esto es s\u00f3lo para su comodidad, para que no tenga que introducir esta informaci\u00f3n si publica otro comentario m\u00e1s tarde. Estas cookies caducan al cabo de un a\u00f1o.<\/p>\n\n\n\n<p class=\"ls-paragraph\">Si tiene una cuenta y entra en este sitio, se crear\u00e1 una cookie temporal para determinar si su navegador acepta cookies. No contiene ning\u00fan dato personal y se borrar\u00e1 autom\u00e1ticamente cuando cierre el navegador.<\/p>\n\n\n\n<p class=\"ls-paragraph\">Cuando se conecte, instalaremos una serie de cookies para registrar sus datos de acceso y sus preferencias de pantalla. La vida \u00fatil de una cookie de conexi\u00f3n es de dos d\u00edas, la de una cookie de opci\u00f3n de pantalla es de un a\u00f1o. Si marca \u00abRecordarme\u00bb, su cookie de conexi\u00f3n se almacenar\u00e1 durante quince d\u00edas. Si sale de su cuenta, se borrar\u00e1 la cookie de conexi\u00f3n.<\/p>\n\n\n\n<p class=\"ls-paragraph\">Al modificar o publicar un art\u00edculo, se almacenar\u00e1 una cookie adicional en su navegador. Esta cookie no contiene datos personales. Indica simplemente el identificador del elemento que acaba de modificar. Caduca al cabo de un d\u00eda.<\/p>\n\n\n\n<p class=\"ls-paragraph\"><strong>Cookies de terceros<\/strong><\/p>\n\n\n\n<p class=\"ls-paragraph\">Los art\u00edculos de este sitio pueden incluir contenido incrustado (por ejemplo, v\u00eddeos, im\u00e1genes, art\u00edculos, etc.). El contenido integrado desde otros sitios se comporta de la misma manera que si el visitante estuviera visitando ese otro sitio.<\/p>\n\n\n\n<p class=\"ls-paragraph\">Estos sitios web pueden recopilar datos sobre usted, utilizar cookies, incrustar herramientas de seguimiento de terceros y rastrear sus interacciones con este contenido incrustado si tiene una cuenta iniciada en su sitio web.<\/p>\n\n\n\n<p class=\"ls-paragraph\">Podemos autorizar a determinados socios comerciales a instalar tecnolog\u00edas en nuestro sitio. Estos socios utilizan estas tecnolog\u00edas para ayudarnos a analizar c\u00f3mo utiliza el sitio, por ejemplo, tomando nota de los servicios de terceros a trav\u00e9s de los cuales lleg\u00f3 a la Plataforma, para comercializar y promocionar nuestros servicios en nuestro sitio y en sitios web de terceros, para ayudarnos a detectar y prevenir el fraude o realizar evaluaciones de riesgo, o para recopilar informaci\u00f3n sobre sus actividades en el sitio web.<\/p>\n\n\n\n<p class=\"ls-paragraph\">Nuestro sitio web puede utilizar plugins sociales proporcionados y gestionados por terceras empresas, como el bot\u00f3n \u00abMe gusta\u00bb de Facebook. En consecuencia, puede enviar a terceros informaci\u00f3n que vea en una secci\u00f3n concreta de nuestro sitio. Si no ha iniciado sesi\u00f3n en su cuenta con el tercero, \u00e9ste no conocer\u00e1 su identidad. Si est\u00e1 conectado a su cuenta con el tercero, \u00e9ste podr\u00e1 vincular la informaci\u00f3n o las acciones relacionadas con sus interacciones con nuestro sitio a la cuenta que tenga con el tercero en cuesti\u00f3n. Consulte las pol\u00edticas de confidencialidad de terceros para obtener m\u00e1s informaci\u00f3n sobre sus pr\u00e1cticas en materia de datos.<\/p>\n\n\n\n<p class=\"ls-paragraph\">La lista de cookies de terceros utilizadas en este sitio est\u00e1 disponible en el <a href=\"https:\/\/www.camping-argeles-vacances.com\/#moove_gdpr_cookie_modal\">panel de gesti\u00f3n de cookies<\/a>.<\/p>\n\n\n\n<h2 class=\"ls__heading wp-block-heading\" id=\"gdpr-7\">Estad\u00edsticas y medici\u00f3n de audiencias<\/h2>\n\n\n\n<p class=\"ls-paragraph\">En t\u00e9rminos de an\u00e1lisis, trabajamos con Google Analytics para obtener informaci\u00f3n sobre el uso de nuestro sitio web con el fin de mejorarlo. Se puede desactivar desde el <a href=\"https:\/\/www.camping-argeles-vacances.com\/#moove_gdpr_cookie_modal\">panel de gesti\u00f3n de cookies<\/a>.<\/p>\n\n\n\n<p class=\"ls-paragraph\">Para evitar que Google Analytics utilice su informaci\u00f3n con fines de an\u00e1lisis, tambi\u00e9n puede instalar el complemento de desactivaci\u00f3n de Google Analytics para navegadores haciendo clic <a href=\"https:\/\/tools.google.com\/dlpage\/gaoptout\" rel=\"noreferrer noopener\" target=\"_blank\">aqu\u00ed<\/a>. Tenga en cuenta que no tenemos ning\u00fan control sobre este enlace de desactivaci\u00f3n y no somos responsables de la disponibilidad o exactitud de este mecanismo. Consulte <a href=\"https:\/\/support.google.com\/analytics\/answer\/6004245\" rel=\"noreferrer noopener\" target=\"_blank\">esta documentaci\u00f3n<\/a> para obtener m\u00e1s informaci\u00f3n.<\/p>\n\n\n\n<h2 class=\"ls__heading wp-block-heading\" id=\"gdpr-8\">Periodos de almacenamiento de sus datos<\/h2>\n\n\n\n<p class=\"ls-paragraph\">Si deja un comentario, el comentario y sus metadatos se conservan indefinidamente. Esto permite que los comentarios posteriores se reconozcan y aprueben autom\u00e1ticamente en lugar de quedarse en la cola de moderaci\u00f3n.<\/p>\n\n\n\n<p class=\"ls-paragraph\">En el caso de los usuarios que se registran en nuestro sitio (cuando es posible), tambi\u00e9n almacenamos los datos personales indicados en su perfil. Todos los usuarios pueden ver, modificar o borrar su informaci\u00f3n personal en cualquier momento (a excepci\u00f3n de su nombre de usuario). Los administradores de los centros tambi\u00e9n pueden ver y modificar esta informaci\u00f3n.<\/p>\n\n\n\n<h2 class=\"ls__heading wp-block-heading\" id=\"gdpr-9\">Los derechos que tiene sobre sus datos<\/h2>\n\n\n\n<p class=\"ls-paragraph\">Si tiene una cuenta o si ha dejado comentarios en el sitio, puede solicitar que le enviemos un archivo con todos los datos personales que tenemos sobre usted, incluidos los que nos ha facilitado. Tambi\u00e9n puede solicitar la supresi\u00f3n de sus datos personales. Esto no incluye los datos almacenados con fines administrativos, legales o de seguridad.<\/p>\n\n\n\n<h2 class=\"ls__heading wp-block-heading\" id=\"gdpr-10\">Transmisi\u00f3n de sus datos personales<\/h2>\n\n\n\n<p class=\"ls-paragraph\">Los comentarios de los visitantes pueden comprobarse mediante un servicio automatizado para detectar comentarios no deseados.<br\/>Todos los datos personales que procesamos se tratan en el seno de la Uni\u00f3n Europea.<\/p>\n\n\n\n<h2 class=\"ls__heading wp-block-heading\" id=\"gdpr-11\">C\u00f3mo protegemos sus datos<\/h2>\n\n\n\n<p class=\"ls-paragraph\">Aplicamos y actualizamos constantemente <strong>la seguridad<\/strong> del sitio para proteger su informaci\u00f3n contra el acceso no autorizado, la p\u00e9rdida, la destrucci\u00f3n o la alteraci\u00f3n. Por eso trabajamos para que sus datos sean lo m\u00e1s invulnerables posible. Dado que Internet no es un entorno 100% seguro, no podemos garantizar plenamente la seguridad, la transmisi\u00f3n o el almacenamiento de su informaci\u00f3n.<\/p>\n\n\n\n<h2 class=\"ls__heading wp-block-heading\" id=\"gdpr-12\">Informaci\u00f3n de contacto<\/h2>\n\n\n\n<p class=\"ls-paragraph\">Si tiene alguna solicitud o pregunta sobre sus datos personales, p\u00f3ngase en contacto con nosotros en rgpd@geek-tonic.com. Encontrar\u00e1 otros datos de contacto en nuestro <a href=\"https:\/\/www.camping-argeles-vacances.com\/es\/informacion-juridica\/\">aviso legal<\/a>. Tenga en cuenta que es posible que le pidamos que verifique su identidad antes de tomar ninguna otra medida en relaci\u00f3n con su solicitud.<\/p>\n\n\r\n    <\/div>\r\n<\/section>","protected":false},"excerpt":{"rendered":"","protected":false},"author":1,"featured_media":0,"parent":0,"menu_order":0,"comment_status":"closed","ping_status":"open","template":"","meta":{"_acf_changed":false,"inline_featured_image":false,"footnotes":""},"sujet":[],"class_list":["post-4757","page","type-page","status-publish","hentry"],"acf":[],"yoast_head":"<!-- This site is optimized with the Yoast SEO plugin v22.5 - https:\/\/yoast.com\/wordpress\/plugins\/seo\/ -->\n<title>Pol\u00edtica de privacidad - Argel\u00e8s Vacances<\/title>\n<meta name=\"robots\" content=\"noindex, nofollow\" \/>\n<meta property=\"og:locale\" content=\"es_ES\" \/>\n<meta property=\"og:type\" content=\"article\" \/>\n<meta property=\"og:title\" content=\"Pol\u00edtica de privacidad - Argel\u00e8s Vacances\" \/>\n<meta property=\"og:url\" content=\"https:\/\/www.camping-argeles-vacances.com\/es\/politica-de-privacidad\/\" \/>\n<meta property=\"og:site_name\" content=\"Argel\u00e8s Vacances\" \/>\n<meta property=\"article:modified_time\" content=\"2023-11-20T09:02:33+00:00\" \/>\n<meta name=\"twitter:card\" content=\"summary_large_image\" \/>\n<meta name=\"twitter:label1\" content=\"Tiempo de lectura\" \/>\n\t<meta name=\"twitter:data1\" content=\"7 minutos\" \/>\n<script type=\"application\/ld+json\" class=\"yoast-schema-graph\">{\"@context\":\"https:\/\/schema.org\",\"@graph\":[{\"@type\":\"WebPage\",\"@id\":\"https:\/\/www.camping-argeles-vacances.com\/es\/politica-de-privacidad\/\",\"url\":\"https:\/\/www.camping-argeles-vacances.com\/es\/politica-de-privacidad\/\",\"name\":\"Pol\u00edtica de privacidad - Argel\u00e8s Vacances\",\"isPartOf\":{\"@id\":\"https:\/\/www.camping-argeles-vacances.com\/es\/#website\"},\"datePublished\":\"2023-10-31T11:16:17+00:00\",\"dateModified\":\"2023-11-20T09:02:33+00:00\",\"breadcrumb\":{\"@id\":\"https:\/\/www.camping-argeles-vacances.com\/es\/politica-de-privacidad\/#breadcrumb\"},\"inLanguage\":\"es\",\"potentialAction\":[{\"@type\":\"ReadAction\",\"target\":[\"https:\/\/www.camping-argeles-vacances.com\/es\/politica-de-privacidad\/\"]}]},{\"@type\":\"BreadcrumbList\",\"@id\":\"https:\/\/www.camping-argeles-vacances.com\/es\/politica-de-privacidad\/#breadcrumb\",\"itemListElement\":[{\"@type\":\"ListItem\",\"position\":1,\"name\":\"Camping Argel\u00e8s-sur-Mer\",\"item\":\"https:\/\/www.camping-argeles-vacances.com\/es\/\"},{\"@type\":\"ListItem\",\"position\":2,\"name\":\"Pol\u00edtica de privacidad\"}]},{\"@type\":\"WebSite\",\"@id\":\"https:\/\/www.camping-argeles-vacances.com\/es\/#website\",\"url\":\"https:\/\/www.camping-argeles-vacances.com\/es\/\",\"name\":\"Argel\u00e8s Vacances\",\"description\":\"Un camping 4 \u00e9toiles au coeur d\u2019Argeles-sur-Mer\",\"publisher\":{\"@id\":\"https:\/\/www.camping-argeles-vacances.com\/es\/#organization\"},\"potentialAction\":[{\"@type\":\"SearchAction\",\"target\":{\"@type\":\"EntryPoint\",\"urlTemplate\":\"https:\/\/www.camping-argeles-vacances.com\/es\/?s={search_term_string}\"},\"query-input\":\"required name=search_term_string\"}],\"inLanguage\":\"es\"},{\"@type\":\"Organization\",\"@id\":\"https:\/\/www.camping-argeles-vacances.com\/es\/#organization\",\"name\":\"Argel\u00e8s Vacances\",\"url\":\"https:\/\/www.camping-argeles-vacances.com\/es\/\",\"logo\":{\"@type\":\"ImageObject\",\"inLanguage\":\"es\",\"@id\":\"https:\/\/www.camping-argeles-vacances.com\/es\/#\/schema\/logo\/image\/\",\"url\":\"https:\/\/www.camping-argeles-vacances.com\/wp-content\/uploads\/2023\/11\/cropped-cropped-Logo_Argeles-vacances.png\",\"contentUrl\":\"https:\/\/www.camping-argeles-vacances.com\/wp-content\/uploads\/2023\/11\/cropped-cropped-Logo_Argeles-vacances.png\",\"width\":552,\"height\":130,\"caption\":\"Argel\u00e8s Vacances\"},\"image\":{\"@id\":\"https:\/\/www.camping-argeles-vacances.com\/es\/#\/schema\/logo\/image\/\"}}]}<\/script>\n<!-- \/ Yoast SEO plugin. -->","yoast_head_json":{"title":"Pol\u00edtica de privacidad - Argel\u00e8s Vacances","robots":{"index":"noindex","follow":"nofollow"},"og_locale":"es_ES","og_type":"article","og_title":"Pol\u00edtica de privacidad - Argel\u00e8s Vacances","og_url":"https:\/\/www.camping-argeles-vacances.com\/es\/politica-de-privacidad\/","og_site_name":"Argel\u00e8s Vacances","article_modified_time":"2023-11-20T09:02:33+00:00","twitter_card":"summary_large_image","twitter_misc":{"Tiempo de lectura":"7 minutos"},"schema":{"@context":"https:\/\/schema.org","@graph":[{"@type":"WebPage","@id":"https:\/\/www.camping-argeles-vacances.com\/es\/politica-de-privacidad\/","url":"https:\/\/www.camping-argeles-vacances.com\/es\/politica-de-privacidad\/","name":"Pol\u00edtica de privacidad - Argel\u00e8s Vacances","isPartOf":{"@id":"https:\/\/www.camping-argeles-vacances.com\/es\/#website"},"datePublished":"2023-10-31T11:16:17+00:00","dateModified":"2023-11-20T09:02:33+00:00","breadcrumb":{"@id":"https:\/\/www.camping-argeles-vacances.com\/es\/politica-de-privacidad\/#breadcrumb"},"inLanguage":"es","potentialAction":[{"@type":"ReadAction","target":["https:\/\/www.camping-argeles-vacances.com\/es\/politica-de-privacidad\/"]}]},{"@type":"BreadcrumbList","@id":"https:\/\/www.camping-argeles-vacances.com\/es\/politica-de-privacidad\/#breadcrumb","itemListElement":[{"@type":"ListItem","position":1,"name":"Camping Argel\u00e8s-sur-Mer","item":"https:\/\/www.camping-argeles-vacances.com\/es\/"},{"@type":"ListItem","position":2,"name":"Pol\u00edtica de privacidad"}]},{"@type":"WebSite","@id":"https:\/\/www.camping-argeles-vacances.com\/es\/#website","url":"https:\/\/www.camping-argeles-vacances.com\/es\/","name":"Argel\u00e8s Vacances","description":"Un camping 4 \u00e9toiles au coeur d\u2019Argeles-sur-Mer","publisher":{"@id":"https:\/\/www.camping-argeles-vacances.com\/es\/#organization"},"potentialAction":[{"@type":"SearchAction","target":{"@type":"EntryPoint","urlTemplate":"https:\/\/www.camping-argeles-vacances.com\/es\/?s={search_term_string}"},"query-input":"required name=search_term_string"}],"inLanguage":"es"},{"@type":"Organization","@id":"https:\/\/www.camping-argeles-vacances.com\/es\/#organization","name":"Argel\u00e8s Vacances","url":"https:\/\/www.camping-argeles-vacances.com\/es\/","logo":{"@type":"ImageObject","inLanguage":"es","@id":"https:\/\/www.camping-argeles-vacances.com\/es\/#\/schema\/logo\/image\/","url":"https:\/\/www.camping-argeles-vacances.com\/wp-content\/uploads\/2023\/11\/cropped-cropped-Logo_Argeles-vacances.png","contentUrl":"https:\/\/www.camping-argeles-vacances.com\/wp-content\/uploads\/2023\/11\/cropped-cropped-Logo_Argeles-vacances.png","width":552,"height":130,"caption":"Argel\u00e8s Vacances"},"image":{"@id":"https:\/\/www.camping-argeles-vacances.com\/es\/#\/schema\/logo\/image\/"}}]}},"_links":{"self":[{"href":"https:\/\/www.camping-argeles-vacances.com\/es\/wp-json\/wp\/v2\/pages\/4757","targetHints":{"allow":["GET"]}}],"collection":[{"href":"https:\/\/www.camping-argeles-vacances.com\/es\/wp-json\/wp\/v2\/pages"}],"about":[{"href":"https:\/\/www.camping-argeles-vacances.com\/es\/wp-json\/wp\/v2\/types\/page"}],"author":[{"embeddable":true,"href":"https:\/\/www.camping-argeles-vacances.com\/es\/wp-json\/wp\/v2\/users\/1"}],"replies":[{"embeddable":true,"href":"https:\/\/www.camping-argeles-vacances.com\/es\/wp-json\/wp\/v2\/comments?post=4757"}],"version-history":[{"count":4,"href":"https:\/\/www.camping-argeles-vacances.com\/es\/wp-json\/wp\/v2\/pages\/4757\/revisions"}],"predecessor-version":[{"id":5195,"href":"https:\/\/www.camping-argeles-vacances.com\/es\/wp-json\/wp\/v2\/pages\/4757\/revisions\/5195"}],"wp:attachment":[{"href":"https:\/\/www.camping-argeles-vacances.com\/es\/wp-json\/wp\/v2\/media?parent=4757"}],"wp:term":[{"taxonomy":"sujet","embeddable":true,"href":"https:\/\/www.camping-argeles-vacances.com\/es\/wp-json\/wp\/v2\/sujet?post=4757"}],"curies":[{"name":"wp","href":"https:\/\/api.w.org\/{rel}","templated":true}]}}