{"id":4773,"date":"2023-11-01T09:07:19","date_gmt":"2023-11-01T08:07:19","guid":{"rendered":"https:\/\/www.camping-argeles-vacances.com\/turismo-argeles-sur-mer\/"},"modified":"2023-11-14T16:27:41","modified_gmt":"2023-11-14T15:27:41","slug":"turismo-argeles-sur-mer","status":"publish","type":"page","link":"https:\/\/www.camping-argeles-vacances.com\/es\/visitar-pyrenees-orientales\/turismo-argeles-sur-mer\/","title":{"rendered":"Argel\u00e8s-sur-Mer"},"content":{"rendered":"<section id=\"ls-section-block_fe28de06575f44ea4d734048b405b74e\" class=\"ls-section \" >\r\n        <div class=\"container container--wide\">\r\n        \n\n<h1 class=\"ls__heading wp-block-heading has-text-align-center\">Turismo Argel\u00e8s sur Mer<\/h1>\n\n\n\n<p class=\"ls-paragraph has-text-align-center\">Bienvenido a Argel\u00e8s, uno de los destinos m\u00e1s bellos de la costa mediterr\u00e1nea. Nuestro <a href=\"https:\/\/www.camping-argeles-vacances.com\/es\/\">camping Argel\u00e8s-sur-Mer<\/a> est\u00e1 situado en esta encantadora ciudad costera, y estamos encantados de poder ofrecerle una estancia inolvidable. Para ayudarle a descubrir todo lo que esta regi\u00f3n puede ofrecerle, aqu\u00ed tiene algunas de las cosas que puede hacer durante su estancia:<\/p>\n\n\n\n<ol class=\"ls-list wp-block-list\">\n<li><strong>Playas<\/strong> de arena fina &#8211; Argel\u00e8s es famosa por sus magn\u00edficas playas de arena fina. Disfrute del sol y del mar relaj\u00e1ndose en una de las playas de la ciudad, como Plage Nord, Plage Sud o Plage du Racou.<\/li>\n\n\n\n<li><strong>Senderismo<\/strong> &#8211; Las monta\u00f1as y colinas que rodean Argel\u00e8s ofrecen impresionantes vistas del mar Mediterr\u00e1neo. Practique senderismo y descubra la belleza natural de la regi\u00f3n, como el sendero costero de Collioure a Banyuls o la reserva natural de Mas Larrieu.<\/li>\n\n\n\n<li><strong>Deportes n <\/strong>\u00e1uticos &#8211; Con aguas tranquilas y condiciones ideales, Argel\u00e8s es el lugar perfecto para practicar deportes n\u00e1uticos. Pruebe las motos acu\u00e1ticas, el kayak, el submarinismo o el windsurf.<\/li>\n\n\n\n<li><strong>Cultura<\/strong> <strong>local<\/strong> &#8211; Descubra la riqueza cultural de la regi\u00f3n visitando lugares emblem\u00e1ticos como el castillo real de Collioure, el pueblo medieval de Castelnou y el museo de arte moderno de C\u00e9ret.<\/li>\n\n\n\n<li><strong>Mercados<\/strong> <strong>locales<\/strong> &#8211; Emp\u00e1pese del ambiente local visitando los mercados de la ciudad. Encontrar\u00e1 productos locales frescos y recuerdos artesanales \u00fanicos que podr\u00e1 llevarse a su <a href=\"https:\/\/www.camping-argeles-vacances.com\/es\/visitar-pyrenees-orientales\/turismo-argeles-sur-mer\/\">casa m\u00f3vil de alquiler en Argel\u00e8s<\/a>.<\/li>\n<\/ol>\n\n\n\n<p class=\"ls-paragraph has-text-align-center\">Esperamos que estas sugerencias le den algunas ideas para disfrutar de su estancia en Argel\u00e8s. No dude en pedir a nuestro equipo de recepci\u00f3n m\u00e1s informaci\u00f3n sobre qu\u00e9 hacer en la zona. Esperamos darle pronto la bienvenida a nuestro <a href=\"https:\/\/www.camping-argeles-vacances.com\/es\/camping-parque-acuatico-argeles-sur-mer\/\">camping con parque acu\u00e1tico en Argel\u00e8s sur Mer<\/a>.<\/p>\n\n\r\n    <\/div>\r\n<\/section>","protected":false},"excerpt":{"rendered":"","protected":false},"author":1,"featured_media":1269,"parent":4880,"menu_order":0,"comment_status":"closed","ping_status":"closed","template":"","meta":{"_acf_changed":false,"inline_featured_image":false,"footnotes":""},"sujet":[],"class_list":["post-4773","page","type-page","status-publish","has-post-thumbnail","hentry"],"acf":[],"yoast_head":"<!-- This site is optimized with the Yoast SEO plugin v22.5 - https:\/\/yoast.com\/wordpress\/plugins\/seo\/ -->\n<title>Turismo Argeles Vacances: descubra la regi\u00f3n de Argel\u00e8s y sus alrededores<\/title>\n<meta name=\"robots\" content=\"index, follow, max-snippet:-1, max-image-preview:large, max-video-preview:-1\" \/>\n<link rel=\"canonical\" href=\"https:\/\/www.camping-argeles-vacances.com\/es\/visitar-pyrenees-orientales\/turismo-argeles-sur-mer\/\" \/>\n<meta property=\"og:locale\" content=\"es_ES\" \/>\n<meta property=\"og:type\" content=\"article\" \/>\n<meta property=\"og:title\" content=\"Turismo Argeles Vacances: descubra la regi\u00f3n de Argel\u00e8s y sus alrededores\" \/>\n<meta property=\"og:url\" content=\"https:\/\/www.camping-argeles-vacances.com\/es\/visitar-pyrenees-orientales\/turismo-argeles-sur-mer\/\" \/>\n<meta property=\"og:site_name\" content=\"Argel\u00e8s Vacances\" \/>\n<meta property=\"article:modified_time\" content=\"2023-11-14T15:27:41+00:00\" \/>\n<meta property=\"og:image\" content=\"https:\/\/www.camping-argeles-vacances.com\/wp-content\/uploads\/2023\/11\/Argeles-plage.webp\" \/>\n\t<meta property=\"og:image:width\" content=\"2000\" \/>\n\t<meta property=\"og:image:height\" content=\"1333\" \/>\n\t<meta property=\"og:image:type\" content=\"image\/webp\" \/>\n<meta name=\"twitter:card\" content=\"summary_large_image\" \/>\n<meta name=\"twitter:label1\" content=\"Tiempo de lectura\" \/>\n\t<meta name=\"twitter:data1\" content=\"2 minutos\" \/>\n<script type=\"application\/ld+json\" class=\"yoast-schema-graph\">{\"@context\":\"https:\/\/schema.org\",\"@graph\":[{\"@type\":\"WebPage\",\"@id\":\"https:\/\/www.camping-argeles-vacances.com\/es\/visitar-pyrenees-orientales\/turismo-argeles-sur-mer\/\",\"url\":\"https:\/\/www.camping-argeles-vacances.com\/es\/visitar-pyrenees-orientales\/turismo-argeles-sur-mer\/\",\"name\":\"Turismo Argeles Vacances: descubra la regi\u00f3n de Argel\u00e8s y sus alrededores\",\"isPartOf\":{\"@id\":\"https:\/\/www.camping-argeles-vacances.com\/es\/#website\"},\"primaryImageOfPage\":{\"@id\":\"https:\/\/www.camping-argeles-vacances.com\/es\/visitar-pyrenees-orientales\/turismo-argeles-sur-mer\/#primaryimage\"},\"image\":{\"@id\":\"https:\/\/www.camping-argeles-vacances.com\/es\/visitar-pyrenees-orientales\/turismo-argeles-sur-mer\/#primaryimage\"},\"thumbnailUrl\":\"https:\/\/www.camping-argeles-vacances.com\/wp-content\/uploads\/2023\/11\/Argeles-plage.webp\",\"datePublished\":\"2023-11-01T08:07:19+00:00\",\"dateModified\":\"2023-11-14T15:27:41+00:00\",\"breadcrumb\":{\"@id\":\"https:\/\/www.camping-argeles-vacances.com\/es\/visitar-pyrenees-orientales\/turismo-argeles-sur-mer\/#breadcrumb\"},\"inLanguage\":\"es\",\"potentialAction\":[{\"@type\":\"ReadAction\",\"target\":[\"https:\/\/www.camping-argeles-vacances.com\/es\/visitar-pyrenees-orientales\/turismo-argeles-sur-mer\/\"]}]},{\"@type\":\"ImageObject\",\"inLanguage\":\"es\",\"@id\":\"https:\/\/www.camping-argeles-vacances.com\/es\/visitar-pyrenees-orientales\/turismo-argeles-sur-mer\/#primaryimage\",\"url\":\"https:\/\/www.camping-argeles-vacances.com\/wp-content\/uploads\/2023\/11\/Argeles-plage.webp\",\"contentUrl\":\"https:\/\/www.camping-argeles-vacances.com\/wp-content\/uploads\/2023\/11\/Argeles-plage.webp\",\"width\":2000,\"height\":1333,\"caption\":\"Argeles plage\"},{\"@type\":\"BreadcrumbList\",\"@id\":\"https:\/\/www.camping-argeles-vacances.com\/es\/visitar-pyrenees-orientales\/turismo-argeles-sur-mer\/#breadcrumb\",\"itemListElement\":[{\"@type\":\"ListItem\",\"position\":1,\"name\":\"Camping Argel\u00e8s-sur-Mer\",\"item\":\"https:\/\/www.camping-argeles-vacances.com\/es\/\"},{\"@type\":\"ListItem\",\"position\":2,\"name\":\"Turismo Pirineos Orientales\",\"item\":\"https:\/\/www.camping-argeles-vacances.com\/es\/visitar-pyrenees-orientales\/\"},{\"@type\":\"ListItem\",\"position\":3,\"name\":\"Descubrir Argel\u00e8s-sur-Mer\"}]},{\"@type\":\"WebSite\",\"@id\":\"https:\/\/www.camping-argeles-vacances.com\/es\/#website\",\"url\":\"https:\/\/www.camping-argeles-vacances.com\/es\/\",\"name\":\"Argel\u00e8s Vacances\",\"description\":\"Un camping 4 \u00e9toiles au coeur d\u2019Argeles-sur-Mer\",\"publisher\":{\"@id\":\"https:\/\/www.camping-argeles-vacances.com\/es\/#organization\"},\"potentialAction\":[{\"@type\":\"SearchAction\",\"target\":{\"@type\":\"EntryPoint\",\"urlTemplate\":\"https:\/\/www.camping-argeles-vacances.com\/es\/?s={search_term_string}\"},\"query-input\":\"required name=search_term_string\"}],\"inLanguage\":\"es\"},{\"@type\":\"Organization\",\"@id\":\"https:\/\/www.camping-argeles-vacances.com\/es\/#organization\",\"name\":\"Argel\u00e8s Vacances\",\"url\":\"https:\/\/www.camping-argeles-vacances.com\/es\/\",\"logo\":{\"@type\":\"ImageObject\",\"inLanguage\":\"es\",\"@id\":\"https:\/\/www.camping-argeles-vacances.com\/es\/#\/schema\/logo\/image\/\",\"url\":\"https:\/\/www.camping-argeles-vacances.com\/wp-content\/uploads\/2023\/11\/cropped-cropped-Logo_Argeles-vacances.png\",\"contentUrl\":\"https:\/\/www.camping-argeles-vacances.com\/wp-content\/uploads\/2023\/11\/cropped-cropped-Logo_Argeles-vacances.png\",\"width\":552,\"height\":130,\"caption\":\"Argel\u00e8s Vacances\"},\"image\":{\"@id\":\"https:\/\/www.camping-argeles-vacances.com\/es\/#\/schema\/logo\/image\/\"}}]}<\/script>\n<!-- \/ Yoast SEO plugin. -->","yoast_head_json":{"title":"Turismo Argeles Vacances: descubra la regi\u00f3n de Argel\u00e8s y sus alrededores","robots":{"index":"index","follow":"follow","max-snippet":"max-snippet:-1","max-image-preview":"max-image-preview:large","max-video-preview":"max-video-preview:-1"},"canonical":"https:\/\/www.camping-argeles-vacances.com\/es\/visitar-pyrenees-orientales\/turismo-argeles-sur-mer\/","og_locale":"es_ES","og_type":"article","og_title":"Turismo Argeles Vacances: descubra la regi\u00f3n de Argel\u00e8s y sus alrededores","og_url":"https:\/\/www.camping-argeles-vacances.com\/es\/visitar-pyrenees-orientales\/turismo-argeles-sur-mer\/","og_site_name":"Argel\u00e8s Vacances","article_modified_time":"2023-11-14T15:27:41+00:00","og_image":[{"width":2000,"height":1333,"url":"https:\/\/www.camping-argeles-vacances.com\/wp-content\/uploads\/2023\/11\/Argeles-plage.webp","type":"image\/webp"}],"twitter_card":"summary_large_image","twitter_misc":{"Tiempo de lectura":"2 minutos"},"schema":{"@context":"https:\/\/schema.org","@graph":[{"@type":"WebPage","@id":"https:\/\/www.camping-argeles-vacances.com\/es\/visitar-pyrenees-orientales\/turismo-argeles-sur-mer\/","url":"https:\/\/www.camping-argeles-vacances.com\/es\/visitar-pyrenees-orientales\/turismo-argeles-sur-mer\/","name":"Turismo Argeles Vacances: descubra la regi\u00f3n de Argel\u00e8s y sus alrededores","isPartOf":{"@id":"https:\/\/www.camping-argeles-vacances.com\/es\/#website"},"primaryImageOfPage":{"@id":"https:\/\/www.camping-argeles-vacances.com\/es\/visitar-pyrenees-orientales\/turismo-argeles-sur-mer\/#primaryimage"},"image":{"@id":"https:\/\/www.camping-argeles-vacances.com\/es\/visitar-pyrenees-orientales\/turismo-argeles-sur-mer\/#primaryimage"},"thumbnailUrl":"https:\/\/www.camping-argeles-vacances.com\/wp-content\/uploads\/2023\/11\/Argeles-plage.webp","datePublished":"2023-11-01T08:07:19+00:00","dateModified":"2023-11-14T15:27:41+00:00","breadcrumb":{"@id":"https:\/\/www.camping-argeles-vacances.com\/es\/visitar-pyrenees-orientales\/turismo-argeles-sur-mer\/#breadcrumb"},"inLanguage":"es","potentialAction":[{"@type":"ReadAction","target":["https:\/\/www.camping-argeles-vacances.com\/es\/visitar-pyrenees-orientales\/turismo-argeles-sur-mer\/"]}]},{"@type":"ImageObject","inLanguage":"es","@id":"https:\/\/www.camping-argeles-vacances.com\/es\/visitar-pyrenees-orientales\/turismo-argeles-sur-mer\/#primaryimage","url":"https:\/\/www.camping-argeles-vacances.com\/wp-content\/uploads\/2023\/11\/Argeles-plage.webp","contentUrl":"https:\/\/www.camping-argeles-vacances.com\/wp-content\/uploads\/2023\/11\/Argeles-plage.webp","width":2000,"height":1333,"caption":"Argeles plage"},{"@type":"BreadcrumbList","@id":"https:\/\/www.camping-argeles-vacances.com\/es\/visitar-pyrenees-orientales\/turismo-argeles-sur-mer\/#breadcrumb","itemListElement":[{"@type":"ListItem","position":1,"name":"Camping Argel\u00e8s-sur-Mer","item":"https:\/\/www.camping-argeles-vacances.com\/es\/"},{"@type":"ListItem","position":2,"name":"Turismo Pirineos Orientales","item":"https:\/\/www.camping-argeles-vacances.com\/es\/visitar-pyrenees-orientales\/"},{"@type":"ListItem","position":3,"name":"Descubrir Argel\u00e8s-sur-Mer"}]},{"@type":"WebSite","@id":"https:\/\/www.camping-argeles-vacances.com\/es\/#website","url":"https:\/\/www.camping-argeles-vacances.com\/es\/","name":"Argel\u00e8s Vacances","description":"Un camping 4 \u00e9toiles au coeur d\u2019Argeles-sur-Mer","publisher":{"@id":"https:\/\/www.camping-argeles-vacances.com\/es\/#organization"},"potentialAction":[{"@type":"SearchAction","target":{"@type":"EntryPoint","urlTemplate":"https:\/\/www.camping-argeles-vacances.com\/es\/?s={search_term_string}"},"query-input":"required name=search_term_string"}],"inLanguage":"es"},{"@type":"Organization","@id":"https:\/\/www.camping-argeles-vacances.com\/es\/#organization","name":"Argel\u00e8s Vacances","url":"https:\/\/www.camping-argeles-vacances.com\/es\/","logo":{"@type":"ImageObject","inLanguage":"es","@id":"https:\/\/www.camping-argeles-vacances.com\/es\/#\/schema\/logo\/image\/","url":"https:\/\/www.camping-argeles-vacances.com\/wp-content\/uploads\/2023\/11\/cropped-cropped-Logo_Argeles-vacances.png","contentUrl":"https:\/\/www.camping-argeles-vacances.com\/wp-content\/uploads\/2023\/11\/cropped-cropped-Logo_Argeles-vacances.png","width":552,"height":130,"caption":"Argel\u00e8s Vacances"},"image":{"@id":"https:\/\/www.camping-argeles-vacances.com\/es\/#\/schema\/logo\/image\/"}}]}},"_links":{"self":[{"href":"https:\/\/www.camping-argeles-vacances.com\/es\/wp-json\/wp\/v2\/pages\/4773","targetHints":{"allow":["GET"]}}],"collection":[{"href":"https:\/\/www.camping-argeles-vacances.com\/es\/wp-json\/wp\/v2\/pages"}],"about":[{"href":"https:\/\/www.camping-argeles-vacances.com\/es\/wp-json\/wp\/v2\/types\/page"}],"author":[{"embeddable":true,"href":"https:\/\/www.camping-argeles-vacances.com\/es\/wp-json\/wp\/v2\/users\/1"}],"replies":[{"embeddable":true,"href":"https:\/\/www.camping-argeles-vacances.com\/es\/wp-json\/wp\/v2\/comments?post=4773"}],"version-history":[{"count":7,"href":"https:\/\/www.camping-argeles-vacances.com\/es\/wp-json\/wp\/v2\/pages\/4773\/revisions"}],"predecessor-version":[{"id":5049,"href":"https:\/\/www.camping-argeles-vacances.com\/es\/wp-json\/wp\/v2\/pages\/4773\/revisions\/5049"}],"up":[{"embeddable":true,"href":"https:\/\/www.camping-argeles-vacances.com\/es\/wp-json\/wp\/v2\/pages\/4880"}],"wp:featuredmedia":[{"embeddable":true,"href":"https:\/\/www.camping-argeles-vacances.com\/es\/wp-json\/wp\/v2\/media\/1269"}],"wp:attachment":[{"href":"https:\/\/www.camping-argeles-vacances.com\/es\/wp-json\/wp\/v2\/media?parent=4773"}],"wp:term":[{"taxonomy":"sujet","embeddable":true,"href":"https:\/\/www.camping-argeles-vacances.com\/es\/wp-json\/wp\/v2\/sujet?post=4773"}],"curies":[{"name":"wp","href":"https:\/\/api.w.org\/{rel}","templated":true}]}}